{"id":16,"date":"2022-09-14T11:53:16","date_gmt":"2022-09-14T11:53:16","guid":{"rendered":"https:\/\/ubezpieczamsieuk.co.uk\/?page_id=16"},"modified":"2024-10-10T10:27:16","modified_gmt":"2024-10-10T10:27:16","slug":"ubezpieczenie-wypadkowe","status":"publish","type":"page","link":"https:\/\/ubezpieczamsieuk.co.uk\/en\/ubezpieczenia\/ubezpieczenie-wypadkowe\/","title":{"rendered":"Accident Insurance"},"content":{"rendered":"<div class=\"wp-block-columns is-layout-flex wp-container-core-columns-is-layout-9d6595d7 wp-block-columns-is-layout-flex\">\n<div class=\"wp-block-column is-layout-flow wp-block-column-is-layout-flow\">\n<p>An accident can happen to anyone despite being careful and how much we try to avoid it. Certainly, elimination and avoidance of risky situations is very important but if an accident happens anyway, it\u2019s important to think in advance how to protect ourselves financially in case of such an incident.<\/p>\n\n\n\n<h3 class=\"wp-block-heading\"><strong>Who needs accident Insurance?<\/strong><\/h3>\n\n\n\n<p>It\u2019s designed for people who want to receive a payout in case of such accident to be able to deal with the financial consequences.<\/p>\n<\/div>\n\n\n\n<div class=\"wp-block-column is-layout-flow wp-block-column-is-layout-flow\">\n<figure class=\"wp-block-image size-full\"><img loading=\"lazy\" decoding=\"async\" width=\"1024\" height=\"682\" src=\"https:\/\/ubezpieczamsieuk.co.uk\/wp-content\/uploads\/2022\/09\/Personal-Accident-2-1024x682-1.jpg\" alt=\"\" class=\"wp-image-65\" srcset=\"https:\/\/ubezpieczamsieuk.co.uk\/wp-content\/uploads\/2022\/09\/Personal-Accident-2-1024x682-1.jpg 1024w, https:\/\/ubezpieczamsieuk.co.uk\/wp-content\/uploads\/2022\/09\/Personal-Accident-2-1024x682-1-300x200.jpg 300w, https:\/\/ubezpieczamsieuk.co.uk\/wp-content\/uploads\/2022\/09\/Personal-Accident-2-1024x682-1-768x512.jpg 768w\" sizes=\"auto, (max-width: 1024px) 100vw, 1024px\" \/><\/figure>\n<\/div>\n<\/div>\n\n\n\n<p>Accident protection pays out in case of:<\/p>\n\n\n\n<ul class=\"wp-block-list\">\n<li>broken bones<\/li>\n\n\n\n<li>UK and select European hospital stays - payment for each day of stay<\/li>\n\n\n\n<li>Accidental permanent injuries<\/li>\n\n\n\n<li>Total permanent disablement - unable to look after yourself ever again<\/li>\n\n\n\n<li>Death as a result of accident<\/li>\n\n\n\n<li>Non - accidental death (funeral benefit)<\/li>\n<\/ul>\n\n\n\n<h2 class=\"wp-block-heading\"><\/h2>\n\n\n\n<p><strong><em>Additional options:<\/em><\/strong><\/p>\n\n\n\n<h2 class=\"wp-block-heading\"><\/h2>\n\n\n\n<p><strong>First additional feature is Active Lifestyle Cover designed for people doing sport. It covers:<\/strong><\/p>\n\n\n\n<ul class=\"wp-block-list\">\n<li>Ligament tear - complete (grade 3) tear of knee or ankle joint ligament.\nLigament tear - partial tear (grade 2) of knee or ankle joint ligament<\/li>\n\n\n\n<li>Tendon rupture (to Achilles, hamstring, bicep brachii (upper arm), quadriceps, or rotator cuff)<\/li>\n\n\n\n<li>Dislocation (excluding fingers, thumbs and toes)<\/li>\n<\/ul>\n\n\n\n<p><strong>The second additional feature is for people working in health care sector (Specialist Healthcare Cover). It includes:<\/strong><\/p>\n\n\n\n<ul class=\"wp-block-list\">\n<li>Human immunodeficiency virus (HIV), Septicaemia caused by methicillin-resistant Staphylococcus aureus (MRSA), Hepatitis C, Bacterial meningitis\nTuberculosis - excluding latent tuberculosis, Hepatitis B, Clostridium difficile infection<\/li>\n<\/ul>\n\n\n\n<p><strong>Third additional feature ( Child Cover ).<\/strong><\/p>\n\n\n\n<ul class=\"wp-block-list\">\n<li>Possibility to cover children<\/li>\n<\/ul>\n\n\n\n<p><strong>The conditions quoted\nabove are correct as of February 2024. They are subject to change at lender discretion.<\/strong><\/p>\n\n\n\n<br>\n\n\n\n<p class=\"has-text-align-center has-medium-font-size\"><strong>Fill in the contact form<\/strong><\/p>\n\n\n\n<br>\n\n\n\n<div class=\"wp-block-buttons is-layout-flex wp-block-buttons-is-layout-flex\">\n<div class=\"wp-block-button aligncenter\"><a class=\"wp-block-button__link has-white-color has-text-color has-background wp-element-button\" href=\"https:\/\/ubezpieczamsieuk.co.uk\/kontakt\/\" style=\"background-color:#ffa500\">Contact Form<\/a><\/div>\n<\/div>","protected":false},"excerpt":{"rendered":"<p>Wypadek mo\u017ce spotka\u0107 ka\u017cdego z nas, niezale\u017cnie od tego jak bardzo ostro\u017cni b\u0119dziemy i jak bardzo poprawnie b\u0119dziemy starali si\u0119 \u017cy\u0107, aby go unikn\u0105\u0107.&nbsp; Oczywi\u015bcie bardzo wa\u017cne jest eliminowanie uczestniczenia w ryzykownych sytuacjach, \u015bwiadome unikanie takich zdarze\u0144. Je\u015bli jednak, mimo &hellip; <a href=\"https:\/\/ubezpieczamsieuk.co.uk\/en\/ubezpieczenia\/ubezpieczenie-wypadkowe\/\">Continue reading <span class=\"meta-nav\">&rarr;<\/span><\/a><\/p>","protected":false},"author":1,"featured_media":0,"parent":10,"menu_order":0,"comment_status":"closed","ping_status":"closed","template":"","meta":{"footnotes":""},"class_list":["post-16","page","type-page","status-publish","hentry"],"_links":{"self":[{"href":"https:\/\/ubezpieczamsieuk.co.uk\/en\/wp-json\/wp\/v2\/pages\/16","targetHints":{"allow":["GET"]}}],"collection":[{"href":"https:\/\/ubezpieczamsieuk.co.uk\/en\/wp-json\/wp\/v2\/pages"}],"about":[{"href":"https:\/\/ubezpieczamsieuk.co.uk\/en\/wp-json\/wp\/v2\/types\/page"}],"author":[{"embeddable":true,"href":"https:\/\/ubezpieczamsieuk.co.uk\/en\/wp-json\/wp\/v2\/users\/1"}],"replies":[{"embeddable":true,"href":"https:\/\/ubezpieczamsieuk.co.uk\/en\/wp-json\/wp\/v2\/comments?post=16"}],"version-history":[{"count":10,"href":"https:\/\/ubezpieczamsieuk.co.uk\/en\/wp-json\/wp\/v2\/pages\/16\/revisions"}],"predecessor-version":[{"id":239,"href":"https:\/\/ubezpieczamsieuk.co.uk\/en\/wp-json\/wp\/v2\/pages\/16\/revisions\/239"}],"up":[{"embeddable":true,"href":"https:\/\/ubezpieczamsieuk.co.uk\/en\/wp-json\/wp\/v2\/pages\/10"}],"wp:attachment":[{"href":"https:\/\/ubezpieczamsieuk.co.uk\/en\/wp-json\/wp\/v2\/media?parent=16"}],"curies":[{"name":"wp","href":"https:\/\/api.w.org\/{rel}","templated":true}]}}