{"id":20,"date":"2022-09-14T11:54:52","date_gmt":"2022-09-14T11:54:52","guid":{"rendered":"https:\/\/ubezpieczamsieuk.co.uk\/?page_id=20"},"modified":"2023-03-31T21:13:43","modified_gmt":"2023-03-31T21:13:43","slug":"ubezpieczenie-kredytu-na-dom","status":"publish","type":"page","link":"https:\/\/ubezpieczamsieuk.co.uk\/en\/ubezpieczenia\/ubezpieczenie-kredytu-na-dom\/","title":{"rendered":"Mortgage Insurance"},"content":{"rendered":"<div class=\"wp-block-columns is-layout-flex wp-container-core-columns-is-layout-9d6595d7 wp-block-columns-is-layout-flex\">\n<div class=\"wp-block-column is-layout-flow wp-block-column-is-layout-flow\">\n<p>Insurance for people who want to be sure that in the event of death or serious illness, the insurance company will repay the mortgage debt.<\/p>\n\n\n\n<p>This is a policy which will pay the mortgage in the event of one of the borrowers\u2019 death.&nbsp;<\/p>\n\n\n\n<p>Depending on the policy there are decreasing and level options.<\/p>\n\n\n\n<p>This type of policy can also include an additional option of critical illness which will help to pay the mortgage in total or in part if you were diagnosed with a serious illness such as cancer, heart attack or stroke.<\/p>\n\n\n\n<p><strong>YOUR HOME MAY BE REPOSSESSED IF YOU DO NOT KEEP UP REPAYMENTS ON YOUR MORTGAGE.<\/strong><\/p>\n<\/div>\n\n\n\n<div class=\"wp-block-column is-layout-flow wp-block-column-is-layout-flow\">\n<figure class=\"wp-block-image size-full\"><img loading=\"lazy\" decoding=\"async\" width=\"1000\" height=\"667\" src=\"https:\/\/ubezpieczamsieuk.co.uk\/wp-content\/uploads\/2022\/09\/photo-1626178793926-22b28830aa30.jpg\" alt=\"\" class=\"wp-image-76\" srcset=\"https:\/\/ubezpieczamsieuk.co.uk\/wp-content\/uploads\/2022\/09\/photo-1626178793926-22b28830aa30.jpg 1000w, https:\/\/ubezpieczamsieuk.co.uk\/wp-content\/uploads\/2022\/09\/photo-1626178793926-22b28830aa30-300x200.jpg 300w, https:\/\/ubezpieczamsieuk.co.uk\/wp-content\/uploads\/2022\/09\/photo-1626178793926-22b28830aa30-768x512.jpg 768w\" sizes=\"auto, (max-width: 1000px) 100vw, 1000px\" \/><\/figure>\n<\/div>\n<\/div>\n\n\n\n<br>\n\n\n\n<p class=\"has-text-align-center has-medium-font-size\"><strong>Book no obligation consultation!!!<\/strong><\/p>\n\n\n\n<br>\n\n\n\n<div class=\"wp-block-buttons is-layout-flex wp-block-buttons-is-layout-flex\">\n<div class=\"wp-block-button aligncenter\"><a class=\"wp-block-button__link has-white-color has-text-color has-background wp-element-button\" href=\"https:\/\/ubezpieczamsieuk.co.uk\/kontakt\/\" style=\"background-color:#ffa500\">Contact Form<\/a><\/div>\n<\/div>","protected":false},"excerpt":{"rendered":"<p>Ubezpieczenie dla os\u00f3b, kt\u00f3re chc\u0105 mie\u0107 pewno\u015b\u0107, \u017ce w przypadku \u015bmierci lub ci\u0119\u017ckiej choroby ubezpieczalnia sp\u0142aci zad\u0142u\u017cenie wynikaj\u0105ce z kredytu hipotecznego. Jest to polisa, kt\u00f3ra zabezpieczana sp\u0142at\u0119 kredytu w momencie \u015bmierci jednego z kredytobiorc\u00f3w.&nbsp; W zale\u017cno\u015bci od rodzaju kredytu, dost\u0119pne &hellip; <a href=\"https:\/\/ubezpieczamsieuk.co.uk\/en\/ubezpieczenia\/ubezpieczenie-kredytu-na-dom\/\">Continue reading <span class=\"meta-nav\">&rarr;<\/span><\/a><\/p>","protected":false},"author":1,"featured_media":0,"parent":10,"menu_order":0,"comment_status":"closed","ping_status":"closed","template":"","meta":{"footnotes":""},"class_list":["post-20","page","type-page","status-publish","hentry"],"_links":{"self":[{"href":"https:\/\/ubezpieczamsieuk.co.uk\/en\/wp-json\/wp\/v2\/pages\/20","targetHints":{"allow":["GET"]}}],"collection":[{"href":"https:\/\/ubezpieczamsieuk.co.uk\/en\/wp-json\/wp\/v2\/pages"}],"about":[{"href":"https:\/\/ubezpieczamsieuk.co.uk\/en\/wp-json\/wp\/v2\/types\/page"}],"author":[{"embeddable":true,"href":"https:\/\/ubezpieczamsieuk.co.uk\/en\/wp-json\/wp\/v2\/users\/1"}],"replies":[{"embeddable":true,"href":"https:\/\/ubezpieczamsieuk.co.uk\/en\/wp-json\/wp\/v2\/comments?post=20"}],"version-history":[{"count":5,"href":"https:\/\/ubezpieczamsieuk.co.uk\/en\/wp-json\/wp\/v2\/pages\/20\/revisions"}],"predecessor-version":[{"id":192,"href":"https:\/\/ubezpieczamsieuk.co.uk\/en\/wp-json\/wp\/v2\/pages\/20\/revisions\/192"}],"up":[{"embeddable":true,"href":"https:\/\/ubezpieczamsieuk.co.uk\/en\/wp-json\/wp\/v2\/pages\/10"}],"wp:attachment":[{"href":"https:\/\/ubezpieczamsieuk.co.uk\/en\/wp-json\/wp\/v2\/media?parent=20"}],"curies":[{"name":"wp","href":"https:\/\/api.w.org\/{rel}","templated":true}]}}