{"id":22,"date":"2022-09-14T11:55:41","date_gmt":"2022-09-14T11:55:41","guid":{"rendered":"https:\/\/ubezpieczamsieuk.co.uk\/?page_id=22"},"modified":"2024-10-10T10:59:42","modified_gmt":"2024-10-10T10:59:42","slug":"ubezpieczenie-domu-i-mienia","status":"publish","type":"page","link":"https:\/\/ubezpieczamsieuk.co.uk\/en\/ubezpieczenia\/ubezpieczenie-domu-i-mienia\/","title":{"rendered":"Home Insurance and Contents Insurance"},"content":{"rendered":"<div class=\"wp-block-columns is-layout-flex wp-container-core-columns-is-layout-9d6595d7 wp-block-columns-is-layout-flex\">\n<div class=\"wp-block-column is-layout-flow wp-block-column-is-layout-flow\">\n<p><strong>Home Insurance<\/strong>&nbsp;(<em>Home Insurance<\/em>) belongs to<em>(General Insurance type of products.<\/em>).<\/p>\n\n\n\n<p>This type of policy may be used to protect a private property which you own and you live in.&nbsp;<strong>Building Insurance<\/strong>&nbsp;(Building&nbsp;<em>insurance<\/em>) and\/ or&nbsp;<strong>Contents Insurance<\/strong>&nbsp;(<em>Contents Insurance<\/em>).<\/p>\n\n\n\n<p>In most cases people possessing a property with a mortgage are required to have at least Building Insurance.<\/p>\n\n\n\n<p>People who are not the owner of the property but are only renting a house or aa flat in which they live can also protect their movable belongings (Contents Insurance).<\/p>\n<\/div>\n\n\n\n<div class=\"wp-block-column is-layout-flow wp-block-column-is-layout-flow\">\n<figure class=\"wp-block-image size-full\"><img loading=\"lazy\" decoding=\"async\" width=\"1012\" height=\"672\" src=\"https:\/\/ubezpieczamsieuk.co.uk\/wp-content\/uploads\/2022\/09\/how-do-you-secure-your-home-with-home-insurance.jpg\" alt=\"\" class=\"wp-image-80\" srcset=\"https:\/\/ubezpieczamsieuk.co.uk\/wp-content\/uploads\/2022\/09\/how-do-you-secure-your-home-with-home-insurance.jpg 1012w, https:\/\/ubezpieczamsieuk.co.uk\/wp-content\/uploads\/2022\/09\/how-do-you-secure-your-home-with-home-insurance-300x199.jpg 300w, https:\/\/ubezpieczamsieuk.co.uk\/wp-content\/uploads\/2022\/09\/how-do-you-secure-your-home-with-home-insurance-768x510.jpg 768w\" sizes=\"auto, (max-width: 1012px) 100vw, 1012px\" \/><\/figure>\n<\/div>\n<\/div>\n\n\n\n<p>Most of the insurance companies offer the following types of policies:<\/p>\n\n\n\n<p><strong>1. Home insurance in the UK - Building only Insurance<\/strong><\/p>\n\n\n\n<p>The events that are covered by the insurance as standard usually include.<\/p>\n\n\n\n<ul class=\"wp-block-list\">\n<li>Fire, smoke, explosion, thunder strike, earthquake,<\/li>\n\n\n\n<li>Riots, turmoil, strikes or political disturbance<\/li>\n\n\n\n<li>Malicious damage or vandalism<\/li>\n\n\n\n<li>Theft or attempted theft,<\/li>\n\n\n\n<li>Storm or flood,<\/li>\n\n\n\n<li>Building subsiding or heave,<\/li>\n\n\n\n<li>Impact or collision<\/li>\n\n\n\n<li>Water or oil spillage.<\/li>\n<\/ul>\n\n\n\n<p>Additionally the following may be included in the home insurance:<\/p>\n\n\n\n<ul class=\"wp-block-list\">\n<li>Owner liability (usually up to \u00a32,000,000),<\/li>\n\n\n\n<li>Alternative accomodation (including pets).<\/li>\n\n\n\n<li>policy excess \u2013 the amount that needs to be covered by the insured person in case of the event that is covered by the insurance;<\/li>\n\n\n\n<li>policy excess- in case of water or oil leak as well as subsidence or heave, the excess is higher than a standard one,<\/li>\n\n\n\n<li>loss or damage in case the property was unoccupied for a period longer than 60 days,<\/li>\n\n\n\n<li>loss or damage caused by damp or decay,<\/li>\n\n\n\n<li>storm or flood damage to the fence, hedge, gates.<\/li>\n<\/ul>\n\n\n\n<p><strong>2. Home insurance in the UK \u2013 Contents only Insurance<\/strong><\/p>\n\n\n\n<p>The events that are covered by the insurance as standard usually include.<\/p>\n\n\n\n<ul class=\"wp-block-list\">\n<li>Fire, smoke, explosion, thunder strike, earthquake,<\/li>\n\n\n\n<li>Riots, turmoil, strikes or political disturbance<\/li>\n\n\n\n<li>Malicious damage or vandalism<\/li>\n\n\n\n<li>Theft or attempted theft,<\/li>\n\n\n\n<li>Storm or flood,<\/li>\n\n\n\n<li>Building subsiding or heave,<\/li>\n\n\n\n<li>Impact or collision<\/li>\n\n\n\n<li>Water or oil spillage.<\/li>\n<\/ul>\n\n\n\n<p>Additionally the following may be included in the home insurance:<\/p>\n\n\n\n<ul class=\"wp-block-list\">\n<li>Owner liability (usually up to \u00a32,000,000),<\/li>\n\n\n\n<li>Alternative accomodation (including pets).<\/li>\n\n\n\n<li>Garden plants and bushes,<\/li>\n\n\n\n<li>Electronic data,<\/li>\n\n\n\n<li>Theft from the outbuildings or garage located within the property boundaries,<\/li>\n\n\n\n<li>Office equipment if one is working from home,<\/li>\n\n\n\n<li>Changing of locks.<\/li>\n\n\n\n<li>policy excess \u2013 the amount that needs to be covered by the insured person in case of the event that is covered by the insurance;<\/li>\n\n\n\n<li>policy excess- in case of water or oil leak as well as subsidence or heave, the excess is higher than a standard one,<\/li>\n\n\n\n<li>loss or damage in case the property was unoccupied for a period longer than 60 days,<\/li>\n\n\n\n<li>if the property is left overnight unoccupied, the doors and windows should be closed appropriately (see the policy terms),<\/li>\n\n\n\n<li>Insurance limit per one object (for example up to \u00a35000) or jewellery (for example up to \u00a32000)- in the event if the specific object is worth more than the specified limit in the policy, it can be detailed which will provide the full cover (usually that means the premium is higher).<\/li>\n<\/ul>\n\n\n\n<p><strong>3. Linked Building and Contents Insurance<\/strong><\/p>\n\n\n\n<p>Includes the elements of both above policies.<\/p>\n\n\n\n<p>Both building and contents insurance may include accidental damage which extends the insurance to unexpected accidents such as spilling coffee on the carpet.<\/p>\n\n\n\n<p><strong>4. Personal Possession Cover<\/strong><\/p>\n\n\n\n<p>Additional option giving the client protection from accidental damage or loss of items used at home or away from home. The most frequently included items<\/p>\n\n\n\n<ul class=\"wp-block-list\">\n<li>Jewellery,<\/li>\n\n\n\n<li>Clothes,<\/li>\n\n\n\n<li>A mobile phone,<\/li>\n\n\n\n<li>Keys<\/li>\n\n\n\n<li>A watch, glasses, camera.<\/li>\n\n\n\n<li>Sport equipment,<\/li>\n\n\n\n<li>Cash and Debit\/Credit Cards<\/li>\n<\/ul>\n\n\n\n<p><strong>5. Additional benefit Family Legal Expenses \u2013 legal protection<\/strong><\/p>\n\n\n\n<p>Additional benefit- legal protection covers the cost of legal expenses in relation to matters such as:<\/p>\n\n\n\n<ul class=\"wp-block-list\">\n<li>Legal protection,<\/li>\n\n\n\n<li>Grievance with employer,<\/li>\n\n\n\n<li>Contractual disputes<\/li>\n\n\n\n<li>Injuries,<\/li>\n\n\n\n<li>Medical negligence,<\/li>\n\n\n\n<li>Ownership protection<\/li>\n\n\n\n<li>Tax protection.<\/li>\n<\/ul>\n\n\n\n<br>\n\n\n\n<p class=\"has-text-align-center has-medium-font-size\"><strong>Are you looking for home insurance? Contact us.<\/strong><\/p>\n\n\n\n<br>\n\n\n\n<div class=\"wp-block-buttons is-layout-flex wp-block-buttons-is-layout-flex\">\n<div class=\"wp-block-button\"><a class=\"wp-block-button__link has-white-color has-text-color has-background wp-element-button\" href=\"https:\/\/ubezpieczamsieuk.co.uk\/kontakt\/\" style=\"background-color:#ffa500\">Contact Form<\/a><\/div>\n<\/div>","protected":false},"excerpt":{"rendered":"<p>Ubezpieczenie domu&nbsp;(Home Insurance) nale\u017cy do grupy ubezpiecze\u0144 maj\u0105tkowych (General Insurance). Taki rodzaj polisy mo\u017ce by\u0107 u\u017cyty w celu zabezpieczenia prywatnej nieruchomo\u015bci, kt\u00f3rej jeste\u015b w\u0142a\u015bcicielem i w kt\u00f3rej mieszkasz.&nbsp;Ubezpieczenie nieruchomo\u015bci&nbsp;(Building&nbsp;insurance) oraz\/lub&nbsp;Ruchomo\u015bci domowych&nbsp;(Contents Insurance). W wi\u0119kszo\u015bci przypadk\u00f3w osoby posiadaj\u0105ce nieruchomo\u015b\u0107 zakupiona na &hellip; <a href=\"https:\/\/ubezpieczamsieuk.co.uk\/en\/ubezpieczenia\/ubezpieczenie-domu-i-mienia\/\">Continue reading <span class=\"meta-nav\">&rarr;<\/span><\/a><\/p>","protected":false},"author":1,"featured_media":0,"parent":10,"menu_order":0,"comment_status":"closed","ping_status":"closed","template":"","meta":{"footnotes":""},"class_list":["post-22","page","type-page","status-publish","hentry"],"_links":{"self":[{"href":"https:\/\/ubezpieczamsieuk.co.uk\/en\/wp-json\/wp\/v2\/pages\/22","targetHints":{"allow":["GET"]}}],"collection":[{"href":"https:\/\/ubezpieczamsieuk.co.uk\/en\/wp-json\/wp\/v2\/pages"}],"about":[{"href":"https:\/\/ubezpieczamsieuk.co.uk\/en\/wp-json\/wp\/v2\/types\/page"}],"author":[{"embeddable":true,"href":"https:\/\/ubezpieczamsieuk.co.uk\/en\/wp-json\/wp\/v2\/users\/1"}],"replies":[{"embeddable":true,"href":"https:\/\/ubezpieczamsieuk.co.uk\/en\/wp-json\/wp\/v2\/comments?post=22"}],"version-history":[{"count":6,"href":"https:\/\/ubezpieczamsieuk.co.uk\/en\/wp-json\/wp\/v2\/pages\/22\/revisions"}],"predecessor-version":[{"id":248,"href":"https:\/\/ubezpieczamsieuk.co.uk\/en\/wp-json\/wp\/v2\/pages\/22\/revisions\/248"}],"up":[{"embeddable":true,"href":"https:\/\/ubezpieczamsieuk.co.uk\/en\/wp-json\/wp\/v2\/pages\/10"}],"wp:attachment":[{"href":"https:\/\/ubezpieczamsieuk.co.uk\/en\/wp-json\/wp\/v2\/media?parent=22"}],"curies":[{"name":"wp","href":"https:\/\/api.w.org\/{rel}","templated":true}]}}