{"id":12,"date":"2022-09-14T11:52:19","date_gmt":"2022-09-14T11:52:19","guid":{"rendered":"https:\/\/ubezpieczamsieuk.co.uk\/?page_id=12"},"modified":"2026-04-12T12:46:15","modified_gmt":"2026-04-12T12:46:15","slug":"ubezpieczenie-na-zycie","status":"publish","type":"page","link":"https:\/\/ubezpieczamsieuk.co.uk\/pl_pl\/ubezpieczenia\/ubezpieczenie-na-zycie\/","title":{"rendered":"Ubezpieczenie na \u017bycie"},"content":{"rendered":"\n<div class=\"wp-block-columns is-layout-flex wp-container-core-columns-is-layout-9d6595d7 wp-block-columns-is-layout-flex\">\n<div class=\"wp-block-column is-layout-flow wp-block-column-is-layout-flow\">\n<h3 class=\"wp-block-heading\"><strong>Co to jest ubezpieczenie na \u017cycie?<\/strong><\/h3>\n\n\n\n<p>Ubezpieczenie na life <em>(Life insurance)<\/em>&nbsp;gwarantuje wyp\u0142at\u0119 odszkodowania w przypadku Twojej \u015bmierci. Jest to jeden z najbardziej popularnych i sprawdzonych sposob\u00f3w zabezpieczenie finansowego rodziny i bliskich na wypadek najgorszego.<\/p>\n\n\n\n<h3 class=\"wp-block-heading\"><strong>Przyk\u0142adowa Kalkulacja<\/strong><\/h3>\n\n\n\n<p>35-letni m\u0119\u017cczyzna, niepal\u0105cy. Wykonywany zaw\u00f3d: mechanik samochodowy. Finansowe zabezpieczenie rodziny na wypadek \u015bmierci.<\/p>\n\n\n\n<figure class=\"wp-block-table\"><table><tbody><tr><td>Ubezpieczenie na kwot\u0119<\/td><td>\u00a3100,000<\/td><\/tr><tr><td>Miesi\u0119czna sk\u0142adka<\/td><td>\u00a38.46<\/td><\/tr><tr><td>Gwarantowany okres ubezpieczenia<\/td><td>30 lat<\/td><\/tr><tr><td>Towarzystwo ubezpieczeniowe<\/td><td>Zurich<\/td><\/tr><\/tbody><\/table><\/figure>\n\n\n\n<p>Kalkulacja wykonana 22\/03\/2023 (Obliczenia wy\u0142\u0105cznie w celach ilustracyjnych)<\/p>\n\n\n\n<p><\/p>\n<\/div>\n\n\n\n<div class=\"wp-block-column is-layout-flow wp-block-column-is-layout-flow\">\n<figure class=\"wp-block-image size-full\"><img loading=\"lazy\" decoding=\"async\" width=\"600\" height=\"400\" src=\"https:\/\/ubezpieczamsieuk.co.uk\/wp-content\/uploads\/2022\/09\/depositphotos_78507716-stock-photo-family-enjoyed-walking-on-the.webp\" alt=\"\" class=\"wp-image-47\" srcset=\"https:\/\/ubezpieczamsieuk.co.uk\/wp-content\/uploads\/2022\/09\/depositphotos_78507716-stock-photo-family-enjoyed-walking-on-the.webp 600w, https:\/\/ubezpieczamsieuk.co.uk\/wp-content\/uploads\/2022\/09\/depositphotos_78507716-stock-photo-family-enjoyed-walking-on-the-300x200.webp 300w\" sizes=\"auto, (max-width: 600px) 100vw, 600px\" \/><\/figure>\n<\/div>\n<\/div>\n\n\n\n<h3 class=\"wp-block-heading\"><strong>Co zawiera ubezpieczenie na \u017bycie?<\/strong><\/h3>\n\n\n\n<p>Ubezpieczenie na \u017cycie mo\u017cemy okre\u015bli\u0107 jako polis\u0119 od \u015bmierci, tym samym wyp\u0142aca ona odszkodowanie w przypadku zgonu klienta. Ponadto wi\u0119kszo\u015b\u0107 ubezpieczycieli w UK automatycznie uwzgl\u0119dnia mo\u017cliwe wcze\u015bniejsze odszkodowanie w przypadku wyst\u0105pienia choroby \u015bmiertelnej (terminal illness).<\/p>\n\n\n\n<h3 class=\"wp-block-heading\"><strong>Gdzie i kiedy dzia\u0142a ubezpieczenie na \u017cycie?<\/strong><\/h3>\n\n\n\n<p>Ubezpieczenie na \u017cycie zwykle Ci\u0119 chroni 24 godziny na dob\u0119, gdziekolwiek jeste\u015b na \u015bwiecie (z wykluczeniem kraj\u00f3w gdzie s\u0105 prowadzone dzia\u0142ania wojenne).<\/p>\n\n\n\n<p>Polisa dzia\u0142a od razu po akceptacji Twojej aplikacji przez ubezpieczyciela. Wi\u0119kszo\u015b\u0107 polis na life w UK nie ma okresu karencji. Praktycznie ca\u0142a procedura aplikacyjna obecnie odbywa si\u0119 drog\u0105 elektroniczn\u0105, przez co okres oczekiwania na decyzj\u0119 firmy ubezpieczeniowej jest bardzo kr\u00f3tki, dzi\u0119ki czemu mo\u017cesz zapewni\u0107 ochron\u0119 finansow\u0105 dla Twoich bliskich w przeci\u0105gu kilku dni.<\/p>\n\n\n\n<p>Niekiedy okres oczekiwania mo\u017ce by\u0107 d\u0142u\u017cszy, np. je\u015bli ubezpieczyciel b\u0119dzie wymaga\u0142 dodatkowe raporty medyczne od Twojego lekarza.<\/p>\n\n\n\n<h3 class=\"wp-block-heading\"><strong>Od czego zale\u017cy koszt ubezpieczenia na \u017cycie?<\/strong><\/h3>\n\n\n\n<p>Na koszt ubezpieczenia na \u017cycie wp\u0142ywa wiele element\u00f3w. Niekt\u00f3re z nich: Tw\u00f3j wiek, stan zdrowia, to czy palisz czy nie, wykonywany zaw\u00f3d. Ponadto istotnym elementem b\u0119dzie te\u017c kwota odszkodowania (suma ubezpieczenia), na jak\u0105 chcesz by\u0107 ubezpieczony \u2013 im wy\u017csze odszkodowanie, tym wi\u0119kszy koszt polisy na life w UK. Okres ubezpieczenia to kolejny czynnik, kt\u00f3ry wp\u0142ywa na cen\u0119 \u2013 im d\u0142u\u017cszy okres gwarancji ubezpieczenia, tym wy\u017csza cena.<\/p>\n\n\n\n<p>Pami\u0119taj, \u017ce polis\u0119 na \u017cycie w UK cz\u0119sto mo\u017cna rozszerzy\u0107 lub\/i powi\u0105za\u0107 z innymi ubezpieczeniami zyskuj\u0105c zni\u017cki. Wiedz te\u017c, \u017ce istnieje mo\u017cliwo\u015b\u0107 obni\u017cenia sumy ubezpieczenia, a co za tym idzie obni\u017cenia sk\u0142adki miesi\u0119cznej.<\/p>\n\n\n\n<h3 class=\"wp-block-heading\"><strong>Jak cz\u0119sto trzeba op\u0142aca\u0107 sk\u0142adk\u0119 za ubezpieczenie na \u017cycie?<\/strong><\/h3>\n\n\n\n<p>Sk\u0142adki za ubezpieczenie na \u017cycie standardowo op\u0142acane s\u0105 co miesi\u0105c poprzez sta\u0142e zlecenie przelewu (Direct Debit). Ubezpieczyciel automatycznie pobiera wymagan\u0105 kwot\u0119 raz na miesi\u0105c z Twojego konta. W zale\u017cno\u015bci od Twoich preferencji, masz mo\u017cliwo\u015b\u0107 wyboru daty kiedy p\u0142atno\u015bci maj\u0105 mie\u0107 miejsce.<\/p>\n\n\n\n<h3 class=\"wp-block-heading\"><strong>Jakie s\u0105 rodzaje ubezpiecze\u0144 na \u017cycie?<\/strong><\/h3>\n\n\n\n<p>W Wielkiej Brytanii mamy do czynienia z bardzo rozbudowanym systemem ubezpieczeniowym. Liczba towarzystw ubezpieczeniowych oraz instytucji oferuj\u0105cych ubezpieczenie na life w UK jest du\u017ca i sprawia, \u017ce zazwyczaj ka\u017cdy znajdzie odpowiedni rodzaj ubezpieczenia dla siebie.\u00a0<strong>Standardow\u0105 opcj\u0105 jest ubezpieczenie terminowe<\/strong>\u00a0life insurance \u2013 minimalny czas trwania ubezpieczenia wynosi 1 rok.<\/p>\n\n\n\n<p>Kolejn\u0105 popularn\u0105 form\u0105 ubezpieczenia jest&nbsp;<strong>over 50\u2019s life insurance<\/strong>&nbsp;\u2013 ubezpieczenie dla os\u00f3b w wieku od 50 do 75 lat. Stanowi ono doskona\u0142\u0105 alternatyw\u0119 dla os\u00f3b starszych, kt\u00f3re chc\u0105 zabezpieczy\u0107 w\u0142asn\u0105 rodzin\u0119 w przypadku \u015bmierci i koszt\u00f3w zwi\u0105zanych z poch\u00f3wkiem.<\/p>\n\n\n\n<p>Istniej\u0105 tak\u017ce inne formy ubezpiecze\u0144 na \u017cycie w Anglii, np.&nbsp;<strong>joint life insurance<\/strong>, czyli wsp\u00f3lne ubezpieczenie na \u017cycie. Opcja ta dedykowana jest parom i ma\u0142\u017ce\u0144stwom.<\/p>\n\n\n\n<h3 class=\"wp-block-heading\"><strong>Czy trzeba wskaza\u0107 uposa\u017conych w polisie na \u017cycie?<\/strong><\/h3>\n\n\n\n<p>Jest to bardzo istotna cz\u0119\u015b\u0107 ubezpieczenia, dzi\u0119ki kt\u00f3rej unikamy niepotrzebnych op\u00f3\u017anie\u0144 z wyp\u0142at\u0105 odszkodowania, a pieni\u0105dze trafiaj\u0105 w odpowiednie r\u0119ce. W przypadku wi\u0119kszo\u015bci ubezpiecze\u0144 na \u017cycie zalecane jest przygotowanie stosowanego powiernictwa (Trust), w kt\u00f3rym klient wskazuje osoby upowa\u017cnione do jego ubezpieczenia oraz beneficjent\u00f3w. Ponadto maj\u0105c w\u0142a\u015bciwie przygotowane powiernictwo do polisy na \u017cycie, Twoi beneficjenci mog\u0105 unikn\u0105\u0107 intratny p\u0142acenia podatku spadkowego.&nbsp;<strong>Wszyscy nasi klienci otrzymuj\u0105 pomoc w kwestii przygotowania powiernictwa do ich ubezpieczenia na \u017cycie.<\/strong><\/p>\n\n\n\n<br>\n\n\n\n<p class=\"has-text-align-center has-text-color has-medium-font-size\" style=\"color:#ffa500\"><strong>Masz wi\u0119cej pyta\u0144 o ubezpieczeniu na \u017cycie? Skontaktuj si\u0119 z nami.<\/strong><\/p>\n\n\n\n<div style=\"height:39px\" aria-hidden=\"true\" class=\"wp-block-spacer\"><\/div>\n\n\n\n<p>Fundusze powiernicze nie podlegaj\u0105 regulacjom Komisji Nadzoru Finansowego.<\/p>\n\n\n\n<br>\n\n\n\n<div class=\"wp-block-buttons is-layout-flex wp-block-buttons-is-layout-flex\">\n<div class=\"wp-block-button aligncenter\"><a class=\"wp-block-button__link has-white-color has-text-color has-background wp-element-button\" href=\"https:\/\/ubezpieczamsieuk.co.uk\/kontakt\/\" style=\"background-color:#ffa500\">Niezobowi\u0105zuj\u0105ca wycena<\/a><\/div>\n<\/div>\n","protected":false},"excerpt":{"rendered":"<p>Co to jest ubezpieczenie na \u017cycie? Ubezpieczenie na life (Life insurance)&nbsp;gwarantuje wyp\u0142at\u0119 odszkodowania w przypadku Twojej \u015bmierci. Jest to jeden z najbardziej popularnych i sprawdzonych sposob\u00f3w zabezpieczenie finansowego rodziny i bliskich na wypadek najgorszego. Przyk\u0142adowa Kalkulacja 35-letni m\u0119\u017cczyzna, niepal\u0105cy. Wykonywany &hellip; <a href=\"https:\/\/ubezpieczamsieuk.co.uk\/pl_pl\/ubezpieczenia\/ubezpieczenie-na-zycie\/\">Continue reading <span class=\"meta-nav\">&rarr;<\/span><\/a><\/p>\n","protected":false},"author":1,"featured_media":0,"parent":10,"menu_order":0,"comment_status":"closed","ping_status":"closed","template":"","meta":{"footnotes":""},"class_list":["post-12","page","type-page","status-publish","hentry"],"_links":{"self":[{"href":"https:\/\/ubezpieczamsieuk.co.uk\/pl_pl\/wp-json\/wp\/v2\/pages\/12","targetHints":{"allow":["GET"]}}],"collection":[{"href":"https:\/\/ubezpieczamsieuk.co.uk\/pl_pl\/wp-json\/wp\/v2\/pages"}],"about":[{"href":"https:\/\/ubezpieczamsieuk.co.uk\/pl_pl\/wp-json\/wp\/v2\/types\/page"}],"author":[{"embeddable":true,"href":"https:\/\/ubezpieczamsieuk.co.uk\/pl_pl\/wp-json\/wp\/v2\/users\/1"}],"replies":[{"embeddable":true,"href":"https:\/\/ubezpieczamsieuk.co.uk\/pl_pl\/wp-json\/wp\/v2\/comments?post=12"}],"version-history":[{"count":29,"href":"https:\/\/ubezpieczamsieuk.co.uk\/pl_pl\/wp-json\/wp\/v2\/pages\/12\/revisions"}],"predecessor-version":[{"id":343,"href":"https:\/\/ubezpieczamsieuk.co.uk\/pl_pl\/wp-json\/wp\/v2\/pages\/12\/revisions\/343"}],"up":[{"embeddable":true,"href":"https:\/\/ubezpieczamsieuk.co.uk\/pl_pl\/wp-json\/wp\/v2\/pages\/10"}],"wp:attachment":[{"href":"https:\/\/ubezpieczamsieuk.co.uk\/pl_pl\/wp-json\/wp\/v2\/media?parent=12"}],"curies":[{"name":"wp","href":"https:\/\/api.w.org\/{rel}","templated":true}]}}