{"id":14,"date":"2022-09-14T11:52:45","date_gmt":"2022-09-14T11:52:45","guid":{"rendered":"https:\/\/ubezpieczamsieuk.co.uk\/?page_id=14"},"modified":"2024-10-10T20:36:23","modified_gmt":"2024-10-10T20:36:23","slug":"ubezpieczenie-od-chorob-krytycznych","status":"publish","type":"page","link":"https:\/\/ubezpieczamsieuk.co.uk\/pl_pl\/ubezpieczenia\/ubezpieczenie-od-chorob-krytycznych\/","title":{"rendered":"Ubezpieczenie od Chor\u00f3b Krytycznych"},"content":{"rendered":"\n<div class=\"wp-block-columns is-layout-flex wp-container-core-columns-is-layout-9d6595d7 wp-block-columns-is-layout-flex\">\n<div class=\"wp-block-column is-layout-flow wp-block-column-is-layout-flow\">\n<p>Prawdopodobie\u0144stwo zachorowania na powa\u017cn\u0105 chorob\u0119 jest znacznie wy\u017csze ni\u017c ryzyko \u015bmierci, dlatego te\u017c warto pami\u0119ta\u0107,<\/p>\n\n\n\n<p>aby zapewni\u0107 sobie wsparcie finansowe w tej trudnej sytuacji i zastanowi\u0107 si\u0119 nad wykupieniem polisy.&nbsp;<\/p>\n\n\n\n<h3 class=\"wp-block-heading\"><strong>Czym jest choroba krytyczna?<\/strong><\/h3>\n\n\n\n<p>Termin&nbsp;<em>\u2018choroba krytyczna\u2019<\/em>&nbsp;okre\u015bla powa\u017cn\u0105 chorob\u0119, kt\u00f3ra w wi\u0119kszo\u015bci wypadk\u00f3w nie ko\u0144czy si\u0119 \u015bmierci\u0105,&nbsp;<\/p>\n\n\n\n<p>powoduje czasow\u0105 lub sta\u0142\u0105 niezdolno\u015b\u0107 do pracy.<\/p>\n\n\n\n<p>Wyp\u0142ata odszkodowania nast\u0119puje w przypadku diagnozy choroby lub w przypadku \u015bmierci..<\/p>\n\n\n\n<p>Suma ubezpieczenia na wypadek chor\u00f3b krytycznych mo\u017ce zosta\u0107 rozdysponowana w dowolny spos\u00f3b przez beneficjenta polisy.<\/p>\n\n\n\n<p>Pomaga nam dostosowa\u0107 si\u0119 do nowych warunk\u00f3w funkcjonowania i pomaga w powrocie do dobrego stanu zdrowia.<\/p>\n\n\n\n<p>Podobnie jak w przypadku&nbsp;<a href=\"https:\/\/pfadvisors.co.uk\/ubezpieczenie-na-zycie-w-uk-10-rzeczy-o-ktore-najczesciej-pytaja-nasi-klienci\/\">ubezpieczenia na \u017cycie<\/a>&nbsp;<strong>polisa na wypadek powa\u017cnego zachorowania jest terminowa<\/strong>.<\/p>\n<\/div>\n\n\n\n<div class=\"wp-block-column is-layout-flow wp-block-column-is-layout-flow\">\n<figure class=\"wp-block-image size-full\"><img loading=\"lazy\" decoding=\"async\" width=\"765\" height=\"510\" src=\"https:\/\/ubezpieczamsieuk.co.uk\/wp-content\/uploads\/2022\/09\/steven-hwg-zBsdRTHIIm4-unsplash.jpg\" alt=\"\" class=\"wp-image-58\" srcset=\"https:\/\/ubezpieczamsieuk.co.uk\/wp-content\/uploads\/2022\/09\/steven-hwg-zBsdRTHIIm4-unsplash.jpg 765w, https:\/\/ubezpieczamsieuk.co.uk\/wp-content\/uploads\/2022\/09\/steven-hwg-zBsdRTHIIm4-unsplash-300x200.jpg 300w\" sizes=\"auto, (max-width: 765px) 100vw, 765px\" \/><\/figure>\n<\/div>\n<\/div>\n\n\n\n<p><strong>Przyk\u0142adowa kalkulacja.<\/strong><\/p>\n\n\n\n<p>Kobieta 30 lat<\/p>\n\n\n\n<p>niepal\u0105ca, wykonywany zaw\u00f3d &#8211; sprzedawca, zabezpieczenie finansowe rodziny w przypadku diagnozy choroby krytycznej lub \u015bmierci.<\/p>\n\n\n\n<figure class=\"wp-block-table\"><table><tbody><tr><td>Ubezpieczenie na kwot\u0119<\/td><td>\u00a350000<\/td><\/tr><tr><td>Miesi\u0119czna sk\u0142adka<\/td><td>\u00a319.33<\/td><\/tr><tr><td>Gwarantowany okres ubezpieczenia<\/td><td>35 lat<\/td><\/tr><tr><td>Towarzystwo ubezpieczeniowe<\/td><td>Aviva<\/td><\/tr><\/tbody><\/table><\/figure>\n\n\n\n<p>Kalkulacja wykonana 22\/03\/2023 (Obliczenia wy\u0142\u0105cznie w celach ilustracyjnych)<\/p>\n\n\n\n<h3 class=\"wp-block-heading\"><strong>Przyk\u0142adowa lista chor\u00f3b pokryty przez wi\u0119kszo\u015b\u0107 towarzystw ubezpieczeniowych w UK:<\/strong><\/h3>\n\n\n\n<ul class=\"wp-block-list\">\n<li>Choroba Alzheimera przed 65 rokiem \u017cycia \u2013 skutkuj\u0105ca sta\u0142ymi objawami<\/li>\n\n\n\n<li>Operacja na \u017cy\u0142ach \u2013 wskutek choroby<\/li>\n\n\n\n<li>Niedokrwisto\u015b\u0107 aplastyczna \u2013 skutkuj\u0105ca sta\u0142ymi objawami<\/li>\n\n\n\n<li>Bakteryjne zapalenie opon m\u00f3zgowych \u2013 skutkuj\u0105ce sta\u0142ymi objawami<\/li>\n\n\n\n<li>\u0141agodny guz m\u00f3zgu \u2013 skutkuj\u0105ce sta\u0142ymi objawami<\/li>\n\n\n\n<li>\u015alepota \u2013 sta\u0142a i nieodwracalna<\/li>\n\n\n\n<li>Rak, nowotw\u00f3r z\u0142o\u015bliwy \u2013 wykluczaj\u0105c mniej zaawansowane przypadki<\/li>\n\n\n\n<li>Kardiomiopatia<\/li>\n\n\n\n<li>\u015api\u0105czka \u2013 skutkuj\u0105ce sta\u0142ymi objawami<\/li>\n\n\n\n<li>Wie\u0144cowy t\u0119tniczy przeszczep \u2013 bypass \u2013 z operacja rozdzielenia mostka<\/li>\n\n\n\n<li>Choroba Creutzfeldt-Jakob \u2013 wymagaj\u0105ca ci\u0105g\u0142ego wsparcia i pomocy<\/li>\n\n\n\n<li>G\u0142uchota \u2013 sta\u0142a i nieodwracalna<\/li>\n\n\n\n<li>Zapalenie m\u00f3zgu<\/li>\n\n\n\n<li>Atak serca, z\u0142a praca zastawek serca \u2013 wyszczeg\u00f3lniona dotkliwo\u015b\u0107<\/li>\n\n\n\n<li>Zast\u0105pienie b\u0105d\u017a naprawa zastawki serca \u2013 z operacja rozdzielenia mostka<\/li>\n\n\n\n<li>Zara\u017cenie wirusem HIV \u2013 gdy do zara\u017cenia dosz\u0142o w UK poprzez transfuzje krwi<\/li>\n\n\n\n<li>Zara\u017cenie wirusem HIV \u2013 gdy do zara\u017cenia dosz\u0142o poprzez fizyczny atak lub w pracy na klasyfikuj\u0105cym si\u0119 stanowisku<\/li>\n\n\n\n<li>Uszkodzenie nerek, niewydolno\u015b\u0107 nerek \u2013 wymagaj\u0105ce dializ<\/li>\n\n\n\n<li>Uszkodzenie w\u0105troby \u2013 faza ko\u0144cowa<\/li>\n\n\n\n<li>Utrata samodzielnego \u017cycia \u2013 skutkuj\u0105ce sta\u0142ymi objawami<\/li>\n\n\n\n<li>Utrata r\u0105k b\u0105d\u017a st\u00f3p \u2013 stale fizyczne oddzielenie<\/li>\n\n\n\n<li>Utrata mowy \u2013 sta\u0142a i nieodwracalna<\/li>\n\n\n\n<li>Przeszczep g\u0142\u00f3wnych organ\u00f3w<\/li>\n\n\n\n<li>Choroba neuronu ruchowego \u2013 skutkuj\u0105ce sta\u0142ym objawami<\/li>\n\n\n\n<li>Operacja na otwartym sercu \u2013 z operacja rozdzielenia mostka<\/li>\n\n\n\n<li>Mia\u017cd\u017cyca \u2013 z utrzymywaj\u0105cymi si\u0119 objawami<\/li>\n\n\n\n<li>Parali\u017c ko\u0144czyn \u2013 ca\u0142kowity i nieodwracalny<\/li>\n\n\n\n<li>Choroba Parkinsona przed 65 rokiem \u017cycia \u2013 skutkuj\u0105ca sta\u0142ymi objawami<\/li>\n\n\n\n<li>Przedstarcza demencja przed 65 rokiem \u017cycia \u2013 skutkuj\u0105ca sta\u0142ymi objawami<\/li>\n\n\n\n<li>P\u0142ucne t\u0119tnicze nadci\u015bnienie \u2013 skutkuj\u0105ca sta\u0142ymi objawami<\/li>\n\n\n\n<li>Post\u0119puj\u0105ce pora\u017cenie nadj\u0105drowe<\/li>\n\n\n\n<li>Operacja pnia p\u0142ucnego \u2013 z operacja rozdzielenia mostka<\/li>\n\n\n\n<li>Ci\u0119\u017cka choroba p\u0142uc\/ niewydolno\u015b\u0107 oddechowa \u2013 wyszczeg\u00f3lniona dotkliwo\u015b\u0107<\/li>\n\n\n\n<li>Wylew \u2013 skutkuj\u0105cy sta\u0142ymi objawami<\/li>\n\n\n\n<li>Liszaj rumieniowaty uk\u0142adowy \u2013 wyszczeg\u00f3lniona dotkliwo\u015b\u0107<\/li>\n\n\n\n<li>Choroby nieuleczalne<\/li>\n\n\n\n<li>Poparzenia trzeciego stopnia \u2013 pokrywaj\u0105ce 20% powierzchni cia\u0142a albo 50% twarzy<\/li>\n\n\n\n<li>Ca\u0142kowite sta\u0142e upo\u015bledzenie przed 65 rokiem \u017cycia<\/li>\n\n\n\n<li>Tragiczny uraz G\u0142owy \u2013 skutkuj\u0105cy sta\u0142ymi objawami<\/li>\n\n\n\n<li>Stwardnienie rozsiane<\/li>\n<\/ul>\n\n\n\n<br>\n\n\n\n<p class=\"has-text-align-center has-medium-font-size\"><strong>Potrzebujesz wiecej informacji?? Um\u00f3w si\u0119 na konsultacje.<\/strong><\/p>\n\n\n\n<br>\n\n\n\n<div class=\"wp-block-buttons is-layout-flex wp-block-buttons-is-layout-flex\">\n<div class=\"wp-block-button aligncenter\"><a class=\"wp-block-button__link has-white-color has-text-color has-background wp-element-button\" href=\"https:\/\/ubezpieczamsieuk.co.uk\/kontakt\/\" style=\"background-color:#ffa500\">Formularz kontaktowy<\/a><\/div>\n<\/div>\n","protected":false},"excerpt":{"rendered":"<p>Prawdopodobie\u0144stwo zachorowania na powa\u017cn\u0105 chorob\u0119 jest znacznie wy\u017csze ni\u017c ryzyko \u015bmierci, dlatego te\u017c warto pami\u0119ta\u0107, aby zapewni\u0107 sobie wsparcie finansowe w tej trudnej sytuacji i zastanowi\u0107 si\u0119 nad wykupieniem polisy.&nbsp; Czym jest choroba krytyczna? Termin&nbsp;\u2018choroba krytyczna\u2019&nbsp;okre\u015bla powa\u017cn\u0105 chorob\u0119, kt\u00f3ra w &hellip; <a href=\"https:\/\/ubezpieczamsieuk.co.uk\/pl_pl\/ubezpieczenia\/ubezpieczenie-od-chorob-krytycznych\/\">Continue reading <span class=\"meta-nav\">&rarr;<\/span><\/a><\/p>\n","protected":false},"author":1,"featured_media":0,"parent":10,"menu_order":0,"comment_status":"closed","ping_status":"closed","template":"","meta":{"footnotes":""},"class_list":["post-14","page","type-page","status-publish","hentry"],"_links":{"self":[{"href":"https:\/\/ubezpieczamsieuk.co.uk\/pl_pl\/wp-json\/wp\/v2\/pages\/14","targetHints":{"allow":["GET"]}}],"collection":[{"href":"https:\/\/ubezpieczamsieuk.co.uk\/pl_pl\/wp-json\/wp\/v2\/pages"}],"about":[{"href":"https:\/\/ubezpieczamsieuk.co.uk\/pl_pl\/wp-json\/wp\/v2\/types\/page"}],"author":[{"embeddable":true,"href":"https:\/\/ubezpieczamsieuk.co.uk\/pl_pl\/wp-json\/wp\/v2\/users\/1"}],"replies":[{"embeddable":true,"href":"https:\/\/ubezpieczamsieuk.co.uk\/pl_pl\/wp-json\/wp\/v2\/comments?post=14"}],"version-history":[{"count":17,"href":"https:\/\/ubezpieczamsieuk.co.uk\/pl_pl\/wp-json\/wp\/v2\/pages\/14\/revisions"}],"predecessor-version":[{"id":249,"href":"https:\/\/ubezpieczamsieuk.co.uk\/pl_pl\/wp-json\/wp\/v2\/pages\/14\/revisions\/249"}],"up":[{"embeddable":true,"href":"https:\/\/ubezpieczamsieuk.co.uk\/pl_pl\/wp-json\/wp\/v2\/pages\/10"}],"wp:attachment":[{"href":"https:\/\/ubezpieczamsieuk.co.uk\/pl_pl\/wp-json\/wp\/v2\/media?parent=14"}],"curies":[{"name":"wp","href":"https:\/\/api.w.org\/{rel}","templated":true}]}}