{"id":16,"date":"2022-09-14T11:53:16","date_gmt":"2022-09-14T11:53:16","guid":{"rendered":"https:\/\/ubezpieczamsieuk.co.uk\/?page_id=16"},"modified":"2024-10-10T10:27:16","modified_gmt":"2024-10-10T10:27:16","slug":"ubezpieczenie-wypadkowe","status":"publish","type":"page","link":"https:\/\/ubezpieczamsieuk.co.uk\/pl_pl\/ubezpieczenia\/ubezpieczenie-wypadkowe\/","title":{"rendered":"Ubezpieczenie Wypadkowe"},"content":{"rendered":"\n<div class=\"wp-block-columns is-layout-flex wp-container-core-columns-is-layout-9d6595d7 wp-block-columns-is-layout-flex\">\n<div class=\"wp-block-column is-layout-flow wp-block-column-is-layout-flow\">\n<p>Wypadek mo\u017ce spotka\u0107 ka\u017cdego z nas, niezale\u017cnie od tego jak bardzo ostro\u017cni b\u0119dziemy i jak bardzo poprawnie b\u0119dziemy starali si\u0119 \u017cy\u0107, aby go unikn\u0105\u0107.&nbsp; Oczywi\u015bcie bardzo wa\u017cne jest eliminowanie uczestniczenia w ryzykownych sytuacjach, \u015bwiadome unikanie takich zdarze\u0144. Je\u015bli jednak, mimo to wydarzy si\u0119 nieoczekiwany wypadek. Warto juz dzi\u015b pomy\u015ble\u0107 jak zabezpieczy\u0107 si\u0119 finansowo na wypadek takiego zdarzenia.<\/p>\n\n\n\n<h3 class=\"wp-block-heading\"><strong>Zakres ubezpieczenia od nieszcz\u0119\u015bliwych wypadk\u00f3w.<\/strong><\/h3>\n\n\n\n<p>Ubezpieczenie od nieszcz\u0119\u015bliwych wypadk\u00f3w przeznaczone jest dla os\u00f3b, kt\u00f3re chc\u0105 otrzyma\u0107 odszkodowanie w razie takiego wypadku, aby poradzi\u0107 sobie z jego kosztownymi nast\u0119pstwami.<\/p>\n<\/div>\n\n\n\n<div class=\"wp-block-column is-layout-flow wp-block-column-is-layout-flow\">\n<figure class=\"wp-block-image size-full\"><img loading=\"lazy\" decoding=\"async\" width=\"1024\" height=\"682\" src=\"https:\/\/ubezpieczamsieuk.co.uk\/wp-content\/uploads\/2022\/09\/Personal-Accident-2-1024x682-1.jpg\" alt=\"\" class=\"wp-image-65\" srcset=\"https:\/\/ubezpieczamsieuk.co.uk\/wp-content\/uploads\/2022\/09\/Personal-Accident-2-1024x682-1.jpg 1024w, https:\/\/ubezpieczamsieuk.co.uk\/wp-content\/uploads\/2022\/09\/Personal-Accident-2-1024x682-1-300x200.jpg 300w, https:\/\/ubezpieczamsieuk.co.uk\/wp-content\/uploads\/2022\/09\/Personal-Accident-2-1024x682-1-768x512.jpg 768w\" sizes=\"auto, (max-width: 1024px) 100vw, 1024px\" \/><\/figure>\n<\/div>\n<\/div>\n\n\n\n<p>Ubezpieczenie od nieszcz\u0119\u015bliwych wypadk\u00f3w obejmuje \u015bwiadczenia w razie:<\/p>\n\n\n\n<ul class=\"wp-block-list\">\n<li>z\u0142ama\u0144,<\/li>\n\n\n\n<li>pobytu w szpitalu- wyp\u0142acane za ka\u017cdy dzie\u0144 pobytu,<\/li>\n\n\n\n<li>trwa\u0142ego uszkodzenia cia\u0142a,<\/li>\n\n\n\n<li>trwa\u0142ego kalectwa,<\/li>\n\n\n\n<li>\u015bmier\u0107 w nast\u0119pstwie nieszcz\u0119\u015bliwego wypadku,<\/li>\n\n\n\n<li>poch\u00f3wek ubezpieczonego<\/li>\n<\/ul>\n\n\n\n<h2 class=\"wp-block-heading\"><\/h2>\n\n\n\n<p><strong><em>Opcje dodatkowe:<\/em><\/strong><\/p>\n\n\n\n<h2 class=\"wp-block-heading\"><\/h2>\n\n\n\n<p><strong>Pierwsza opcja dodatkowa&nbsp; przeznaczona dla os\u00f3b aktywnie upawiaj\u0105cych sport ( Active Lifestyle Cover ). Obejmuje:<\/strong><\/p>\n\n\n\n<ul class=\"wp-block-list\">\n<li>Ca\u0142kowite lub cze\u015bciowe zerwanie wi\u0105zad\u0142a stawu kolanowego lub kostki<\/li>\n\n\n\n<li>Zerwanie \u015bci\u0119gna Achillesa, \u015bci\u0119gna podkolanowego, bicepsa, mi\u0119\u015bnia czworog\u0142owego, mankietu rotatora<\/li>\n\n\n\n<li>Wybite stawy ( palce u r\u0105k i n\u00f3g s\u0105 wykluczone ).<\/li>\n<\/ul>\n\n\n\n<p><strong>Druga opcja dodatkowa przeznaczona dla os\u00f3b pracuj\u0105cych w plac\u00f3wkach opieki zdrowotnej ( Specialist Healthcare Cover ).&nbsp; Obejmuje:<\/strong><\/p>\n\n\n\n<ul class=\"wp-block-list\">\n<li>Zara\u017cenie si\u0119, takimi chorobami jak HIV, posocznica wywo\u0142ana przez MRSA, zapalenie w\u0105troby typu C, bakteryjne zapalenie opon m\u00f3zgowo-rdzeniowych, gru\u017alica, wirusowe zapalenie w\u0105troby typu B, zaka\u017cenie Clostridium difficile.<\/li>\n<\/ul>\n\n\n\n<p><strong>Trzecia opcja dodatkowa ( Child Cover ).<\/strong><\/p>\n\n\n\n<ul class=\"wp-block-list\">\n<li>Mo\u017cliwo\u015b\u0107 ubezpieczenia dzieci<\/li>\n<\/ul>\n\n\n\n<p><strong>Warunki podane powy\u017cej obowi\u0105zuj\u0105 na luty 2024 roku. Mog\u0105 one ulec zmianie wed\u0142ug uznania po\u017cyczkodawcy.<\/strong><\/p>\n\n\n\n<br>\n\n\n\n<p class=\"has-text-align-center has-medium-font-size\"><strong>Wype\u0142nij formularz kontaktowy<\/strong><\/p>\n\n\n\n<br>\n\n\n\n<div class=\"wp-block-buttons is-layout-flex wp-block-buttons-is-layout-flex\">\n<div class=\"wp-block-button aligncenter\"><a class=\"wp-block-button__link has-white-color has-text-color has-background wp-element-button\" href=\"https:\/\/ubezpieczamsieuk.co.uk\/kontakt\/\" style=\"background-color:#ffa500\">Formularz Kontaktowy<\/a><\/div>\n<\/div>\n","protected":false},"excerpt":{"rendered":"<p>Wypadek mo\u017ce spotka\u0107 ka\u017cdego z nas, niezale\u017cnie od tego jak bardzo ostro\u017cni b\u0119dziemy i jak bardzo poprawnie b\u0119dziemy starali si\u0119 \u017cy\u0107, aby go unikn\u0105\u0107.&nbsp; Oczywi\u015bcie bardzo wa\u017cne jest eliminowanie uczestniczenia w ryzykownych sytuacjach, \u015bwiadome unikanie takich zdarze\u0144. Je\u015bli jednak, mimo &hellip; <a href=\"https:\/\/ubezpieczamsieuk.co.uk\/pl_pl\/ubezpieczenia\/ubezpieczenie-wypadkowe\/\">Continue reading <span class=\"meta-nav\">&rarr;<\/span><\/a><\/p>\n","protected":false},"author":1,"featured_media":0,"parent":10,"menu_order":0,"comment_status":"closed","ping_status":"closed","template":"","meta":{"footnotes":""},"class_list":["post-16","page","type-page","status-publish","hentry"],"_links":{"self":[{"href":"https:\/\/ubezpieczamsieuk.co.uk\/pl_pl\/wp-json\/wp\/v2\/pages\/16","targetHints":{"allow":["GET"]}}],"collection":[{"href":"https:\/\/ubezpieczamsieuk.co.uk\/pl_pl\/wp-json\/wp\/v2\/pages"}],"about":[{"href":"https:\/\/ubezpieczamsieuk.co.uk\/pl_pl\/wp-json\/wp\/v2\/types\/page"}],"author":[{"embeddable":true,"href":"https:\/\/ubezpieczamsieuk.co.uk\/pl_pl\/wp-json\/wp\/v2\/users\/1"}],"replies":[{"embeddable":true,"href":"https:\/\/ubezpieczamsieuk.co.uk\/pl_pl\/wp-json\/wp\/v2\/comments?post=16"}],"version-history":[{"count":10,"href":"https:\/\/ubezpieczamsieuk.co.uk\/pl_pl\/wp-json\/wp\/v2\/pages\/16\/revisions"}],"predecessor-version":[{"id":239,"href":"https:\/\/ubezpieczamsieuk.co.uk\/pl_pl\/wp-json\/wp\/v2\/pages\/16\/revisions\/239"}],"up":[{"embeddable":true,"href":"https:\/\/ubezpieczamsieuk.co.uk\/pl_pl\/wp-json\/wp\/v2\/pages\/10"}],"wp:attachment":[{"href":"https:\/\/ubezpieczamsieuk.co.uk\/pl_pl\/wp-json\/wp\/v2\/media?parent=16"}],"curies":[{"name":"wp","href":"https:\/\/api.w.org\/{rel}","templated":true}]}}