{"id":18,"date":"2022-09-14T11:53:50","date_gmt":"2022-09-14T11:53:50","guid":{"rendered":"https:\/\/ubezpieczamsieuk.co.uk\/?page_id=18"},"modified":"2024-10-10T10:50:47","modified_gmt":"2024-10-10T10:50:47","slug":"ubezpieczenie-dochodu","status":"publish","type":"page","link":"https:\/\/ubezpieczamsieuk.co.uk\/pl_pl\/ubezpieczenia\/ubezpieczenie-dochodu\/","title":{"rendered":"Ubezpieczenie Dochodu"},"content":{"rendered":"\n<div class=\"wp-block-columns is-layout-flex wp-container-core-columns-is-layout-9d6595d7 wp-block-columns-is-layout-flex\">\n<div class=\"wp-block-column is-layout-flow wp-block-column-is-layout-flow\">\n<h3 class=\"wp-block-heading\"><strong>Ubezpieczenie zdrowotne w UK \u2013 od czego zacz\u0105\u0107?<\/strong><\/h3>\n\n\n\n<h3 class=\"wp-block-heading\"><strong>Jak najlepiej zabezpieczy\u0107 swoje dochody od wypadk\u00f3w i chor\u00f3b?<\/strong><\/h3>\n\n\n\n<p>Czy kiedykolwiek zastanawiali\u015bcie si\u0119 jak wygl\u0105da\u0142oby Wasze \u017cycie i kondycja finansowa w momencie kiedy nie byliby\u015bcie zdolni pracowa\u0107 przez kilka tygodni, miesi\u0119cy, a nawet lat?<\/p>\n\n\n\n<p><\/p>\n\n\n\n<p>Ka\u017cda osoba pracuj\u0105ca powinna rozwa\u017cy\u0107 ten rodzaj ochrony, gdy\u017c gwarantuje regularny doch\u00f3d (wolny od podatku) w przypadku choroby, wypadku, kontuzji lub kilka innego uszczerbku na zdrowiu, przez kt\u00f3ry nie mo\u017cecie pracowa\u0107. Prywatne ubezpieczenie zdrowotne w UK jest szczeg\u00f3lnie rekomendowane dla os\u00f3b samozatrudnionych oraz tych, kt\u00f3rych pracodawca nie zapewnia \u017cadnego \u015bwiadczenia chorobowego. Dzi\u0119ki tej polisie zyskujecie zabezpieczenie finansowe i regularne wp\u0142ywy nawet w sytuacji kiedy nie mo\u017cecie pracowa\u0107 przez kilka lat.<\/p>\n<\/div>\n\n\n\n<div class=\"wp-block-column is-layout-flow wp-block-column-is-layout-flow\">\n<figure class=\"wp-block-image size-full\"><img loading=\"lazy\" decoding=\"async\" width=\"974\" height=\"645\" src=\"https:\/\/ubezpieczamsieuk.co.uk\/wp-content\/uploads\/2022\/09\/How-to-Save-Income-Tax-4.png\" alt=\"\" class=\"wp-image-71\" srcset=\"https:\/\/ubezpieczamsieuk.co.uk\/wp-content\/uploads\/2022\/09\/How-to-Save-Income-Tax-4.png 974w, https:\/\/ubezpieczamsieuk.co.uk\/wp-content\/uploads\/2022\/09\/How-to-Save-Income-Tax-4-300x199.png 300w, https:\/\/ubezpieczamsieuk.co.uk\/wp-content\/uploads\/2022\/09\/How-to-Save-Income-Tax-4-768x509.png 768w\" sizes=\"auto, (max-width: 974px) 100vw, 974px\" \/><\/figure>\n<\/div>\n<\/div>\n\n\n\n<p>Ubezpieczenie typu\u00a0<strong>Income Protection<\/strong>\u00a0(prywatne renta chorobowa lub ubezpieczenie zdrowotne w UK) pozwala zapewni\u0107 Wam finansowe bezpiecze\u0144stwo, podczas gdy z powodu kontuzji, wypadku lub z\u0142ego stanu zdrowia nie mo\u017ceci wykonywa\u0107 swojego zawodu i zarobkowa\u0107. Renta ubezpieczeniowa wyp\u0142acana jest co miesi\u0105c, po potwierdzeniu konkretnej przypad\u0142o\u015bci przez lekarza. dowody fakt\u00f3w i liczb.<\/p>\n\n\n\n<p><strong>Polis\u0119 t\u0119 charakteryzuje du\u017ca elastyczno\u015b\u0107 i dlatego wa\u017cne jest to, by odpowiednio dopasowa\u0107 swoje indywidualne zapotrzebowanie do nast\u0119puj\u0105cych czynnik\u00f3w:<\/strong><\/p>\n\n\n\n<p>Typ Niezdolno\u015bci (Incapacity)&nbsp;\u2013 towarzystwa ubezpieczeniowe ro\u017cnie definiuj\u0105 niezdolno\u015b\u0107 do pracy, dlatego wa\u017cne jest wybranie oferty gwarantuj\u0105cej powr\u00f3t do Waszego, aktualnie wykonywanego zawodu \u2013 czyli \u201aOwn occupation\u2019. W przypadku braku tej opcji, podczas d\u0142ugiej niezdolno\u015bci do pracy, ubezpieczyciel mo\u017ce poprosi\u0107 o przekwalifikowanie si\u0119 i ograniczy wyp\u0142at\u0119 renty ubezpieczeniowej (przyk\u0142ad: kierowca po po\u0142amaniu kolana i po rehabilitacji, b\u0119d\u0105c dalej niezdolnym do pracy w swoim zawodzie, mo\u017ce by\u0107 &nbsp;poproszony o szukanie pracy jako administrator w biurze)<\/p>\n\n\n\n<p><strong>Czas Wykluczenia (Deferred Period)<\/strong>&nbsp;\u2013 jest to pierwszy okres od momentu wypadku, b\u0105d\u017a wyst\u0105pienia choroby, kt\u00f3ry nie b\u0119dzie wliczony do odszkodowania przez ubezpieczyciel. Zazwyczaj wynosi on 4 tygodnie. Mo\u017cna zmieni\u0107 go na 1 tydzie\u0144, 3 miesi\u0105ce, 6 miesi\u0119cy, a nawet 12 miesi\u0119cy. Osoby zatrudnione na stale, maj\u0105 zazwyczaj zapewnione pewne wynagrodzenie chorobowe przez np. 3 miesi\u0105ce, wiec mog\u0105 ustawi\u0107 3-miesieczny Czas Wykluczenia. Osoby samozatrudnione wybieraj\u0105 najcz\u0119\u015bciej 1- lub 4-tygodniowy Czas Wykluczenia.<\/p>\n\n\n\n<p><strong>Maksymalna Wysoko\u015b\u0107 Renty (Maximum Benefit)<\/strong>&nbsp;\u2013 zale\u017cy od Waszych rozliczanych zarobk\u00f3w i mo\u017ce si\u0119ga\u0107 do 60% dochod\u00f3w.<\/p>\n\n\n\n<p><strong>Maksymalny Czas Wyp\u0142aty (Pay-out Term)<\/strong>\u00a0\u2013 w zale\u017cno\u015bci od towarzystwa ubezpieczeniowego maksymalny czas wyp\u0142aty renty ubezpieczeniowej, podczas gdy jeste\u015bcie niezdolni do pracy, mo\u017ce wynosi\u0107 1 rok, 2 lata, 5 lat lub kontynuowa\u0107 przez ca\u0142y okres trwania lub do chwili przej\u015bcia ubezpieczaj\u0105cego na emerytur\u0119 lub do wyga\u015bni\u0119cia polisy.<\/p>\n\n\n\n<p><strong>Ubezpieczenie od Niezdolno\u015bci do Pracy<\/strong>\u00a0jest jednym z najbardziej z\u0142o\u017conych produkt\u00f3w ubezpieczeniowych i jednym z najbardziej potrzebnych z punktu widzenia ka\u017cdej osob pracuj\u0105cej w UK. Nasza profesjonalna obs\u0142uga sprawi, \u017ce \u015bwiadomie wybierzesz prawo i najkorzystniejsz\u0105 dla siebie opcj\u0119 z naszego szerokiego panelu najbardziej renomowanych i sprawdzonych towarzystw ubezpieczeniowych b\u0119d\u0105cych mamy dost\u0119p w naszej propozycji.<\/p>\n\n\n\n<br>\n\n\n\n<p class=\"has-text-align-center has-medium-font-size\"><strong>Jaki jest koszt ubezpieczenia dochodu??<\/strong><\/p>\n\n\n\n<br>\n\n\n\n<div class=\"wp-block-buttons is-layout-flex wp-block-buttons-is-layout-flex\">\n<div class=\"wp-block-button\"><a class=\"wp-block-button__link has-white-color has-text-color has-background wp-element-button\" href=\"https:\/\/ubezpieczamsieuk.co.uk\/kontakt\/\" style=\"background-color:#ffa500\">Niezobowi\u0105zuj\u0105ca wycena &#8211; kliknij<\/a><\/div>\n<\/div>\n","protected":false},"excerpt":{"rendered":"<p>Ubezpieczenie zdrowotne w UK \u2013 od czego zacz\u0105\u0107? Jak najlepiej zabezpieczy\u0107 swoje dochody od wypadk\u00f3w i chor\u00f3b? Czy kiedykolwiek zastanawiali\u015bcie si\u0119 jak wygl\u0105da\u0142oby Wasze \u017cycie i kondycja finansowa w momencie kiedy nie byliby\u015bcie zdolni pracowa\u0107 przez kilka tygodni, miesi\u0119cy, a &hellip; <a href=\"https:\/\/ubezpieczamsieuk.co.uk\/pl_pl\/ubezpieczenia\/ubezpieczenie-dochodu\/\">Continue reading <span class=\"meta-nav\">&rarr;<\/span><\/a><\/p>\n","protected":false},"author":1,"featured_media":0,"parent":10,"menu_order":0,"comment_status":"closed","ping_status":"closed","template":"","meta":{"footnotes":""},"class_list":["post-18","page","type-page","status-publish","hentry"],"_links":{"self":[{"href":"https:\/\/ubezpieczamsieuk.co.uk\/pl_pl\/wp-json\/wp\/v2\/pages\/18","targetHints":{"allow":["GET"]}}],"collection":[{"href":"https:\/\/ubezpieczamsieuk.co.uk\/pl_pl\/wp-json\/wp\/v2\/pages"}],"about":[{"href":"https:\/\/ubezpieczamsieuk.co.uk\/pl_pl\/wp-json\/wp\/v2\/types\/page"}],"author":[{"embeddable":true,"href":"https:\/\/ubezpieczamsieuk.co.uk\/pl_pl\/wp-json\/wp\/v2\/users\/1"}],"replies":[{"embeddable":true,"href":"https:\/\/ubezpieczamsieuk.co.uk\/pl_pl\/wp-json\/wp\/v2\/comments?post=18"}],"version-history":[{"count":11,"href":"https:\/\/ubezpieczamsieuk.co.uk\/pl_pl\/wp-json\/wp\/v2\/pages\/18\/revisions"}],"predecessor-version":[{"id":245,"href":"https:\/\/ubezpieczamsieuk.co.uk\/pl_pl\/wp-json\/wp\/v2\/pages\/18\/revisions\/245"}],"up":[{"embeddable":true,"href":"https:\/\/ubezpieczamsieuk.co.uk\/pl_pl\/wp-json\/wp\/v2\/pages\/10"}],"wp:attachment":[{"href":"https:\/\/ubezpieczamsieuk.co.uk\/pl_pl\/wp-json\/wp\/v2\/media?parent=18"}],"curies":[{"name":"wp","href":"https:\/\/api.w.org\/{rel}","templated":true}]}}