{"id":22,"date":"2022-09-14T11:55:41","date_gmt":"2022-09-14T11:55:41","guid":{"rendered":"https:\/\/ubezpieczamsieuk.co.uk\/?page_id=22"},"modified":"2024-10-10T10:59:42","modified_gmt":"2024-10-10T10:59:42","slug":"ubezpieczenie-domu-i-mienia","status":"publish","type":"page","link":"https:\/\/ubezpieczamsieuk.co.uk\/pl_pl\/ubezpieczenia\/ubezpieczenie-domu-i-mienia\/","title":{"rendered":"Ubezpieczenie Domu i Mienia"},"content":{"rendered":"\n<div class=\"wp-block-columns is-layout-flex wp-container-core-columns-is-layout-9d6595d7 wp-block-columns-is-layout-flex\">\n<div class=\"wp-block-column is-layout-flow wp-block-column-is-layout-flow\">\n<p><strong>Ubezpieczenie domu<\/strong>&nbsp;(<em>Home Insurance<\/em>) nale\u017cy do grupy ubezpiecze\u0144 maj\u0105tkowych (<em>General Insurance<\/em>).<\/p>\n\n\n\n<p>Taki rodzaj polisy mo\u017ce by\u0107 u\u017cyty w celu zabezpieczenia prywatnej nieruchomo\u015bci, kt\u00f3rej jeste\u015b w\u0142a\u015bcicielem i w kt\u00f3rej mieszkasz.&nbsp;<strong>Ubezpieczenie nieruchomo\u015bci<\/strong>&nbsp;(Building&nbsp;<em>insurance<\/em>) oraz\/lub&nbsp;<strong>Ruchomo\u015bci domowych<\/strong>&nbsp;(<em>Contents Insurance<\/em>).<\/p>\n\n\n\n<p>W wi\u0119kszo\u015bci przypadk\u00f3w osoby posiadaj\u0105ce nieruchomo\u015b\u0107 zakupiona na hipotek\u0119 s\u0105 zobowi\u0105zane do posiadania przynajmniej ubezpieczenia Building Insurance.<\/p>\n\n\n\n<p>Osoby, kt\u00f3re nie s\u0105 w\u0142a\u015bcicielem nieruchomo\u015bci, a jedynie wynajmuj\u0105 dom czy mieszkanie, w kt\u00f3rym mieszkaj\u0105, mog\u0105 r\u00f3wnie\u017c zabezpieczy\u0107 swoje Ruchomo\u015bci domowe (Contents&nbsp;Insurance).<\/p>\n<\/div>\n\n\n\n<div class=\"wp-block-column is-layout-flow wp-block-column-is-layout-flow\">\n<figure class=\"wp-block-image size-full\"><img loading=\"lazy\" decoding=\"async\" width=\"1012\" height=\"672\" src=\"https:\/\/ubezpieczamsieuk.co.uk\/wp-content\/uploads\/2022\/09\/how-do-you-secure-your-home-with-home-insurance.jpg\" alt=\"\" class=\"wp-image-80\" srcset=\"https:\/\/ubezpieczamsieuk.co.uk\/wp-content\/uploads\/2022\/09\/how-do-you-secure-your-home-with-home-insurance.jpg 1012w, https:\/\/ubezpieczamsieuk.co.uk\/wp-content\/uploads\/2022\/09\/how-do-you-secure-your-home-with-home-insurance-300x199.jpg 300w, https:\/\/ubezpieczamsieuk.co.uk\/wp-content\/uploads\/2022\/09\/how-do-you-secure-your-home-with-home-insurance-768x510.jpg 768w\" sizes=\"auto, (max-width: 1012px) 100vw, 1012px\" \/><\/figure>\n<\/div>\n<\/div>\n\n\n\n<p>Wi\u0119kszo\u015b\u0107 firm ubezpieczeniowych oferuj\u0105 nast\u0119puj\u0105ce rodzaje polis:<\/p>\n\n\n\n<p><strong>1. Ubezpieczenie domu w UK \u2013 Building only Insurance<\/strong><\/p>\n\n\n\n<p>Zdarzenia zazwyczaj standardowo obj\u0119te przez w standardzie zwykle obejmuj\u0105:<\/p>\n\n\n\n<ul class=\"wp-block-list\">\n<li>Ogie\u0144, dym, wybuch, uderzenie pioruna lub trz\u0119sienia ziemi,<\/li>\n\n\n\n<li>Zamieszki, rozruchy,\u00a0 strajki, pracownicze b\u0105d\u017a polityczne zak\u0142\u00f3cenia,<\/li>\n\n\n\n<li>Z\u0142o\u015bliwe uszkodzenie lub wandalizm,<\/li>\n\n\n\n<li>Kradzie\u017c lub usi\u0142owanie kradzie\u017cy,<\/li>\n\n\n\n<li>Burza lub pow\u00f3d\u017a,<\/li>\n\n\n\n<li>Osiadanie si\u0119 lub podniesienie,<\/li>\n\n\n\n<li>Uderzenie lub kolizja,<\/li>\n\n\n\n<li>Wyciek wody lub oleju.<\/li>\n<\/ul>\n\n\n\n<p>Dodatkowo mo\u017cemy si\u0119 spotka\u0107 z nast\u0119puj\u0105cymi zdarzeniami obj\u0119tymi ubezpieczeniem domu:<\/p>\n\n\n\n<ul class=\"wp-block-list\">\n<li>Odpowiedzialno\u015b\u0107 cywilna w\u0142a\u015bcicieli (zazwyczaj do \u00a32,000,000),<\/li>\n\n\n\n<li>Alternatywne zakwaterowanie (uwzgl\u0119dniaj\u0105c zwierz\u0119ta domowe).<\/li>\n\n\n\n<li>Wk\u0142ad w\u0142asny (policy excess) \u2013 kwota jaka musi by\u0107 pokryta przez ubezpieczonego w przypadku zdarzenia kwalifikuj\u0105cego si\u0119 do odszkodowania,<\/li>\n\n\n\n<li>Wk\u0142ad w\u0142asny w przypadku wycieku wody lub oleju oraz osadzania si\u0119 b\u0105d\u017a podniesienia jest zazwyczaj wy\u017cszy ni\u017c excess standardowy,<\/li>\n\n\n\n<li>Strata, b\u0105d\u017a uszkodzenie w sytuacji kiedy nieruchomo\u015b\u0107 by\u0142a niezamieszkana przez okres d\u0142u\u017cszy ni\u017c 60 dni,<\/li>\n\n\n\n<li>Strata, b\u0105d\u017a uszkodzenie spowodowane wilgoci\u0105, b\u0105d\u017a pr\u00f3chnieniem,<\/li>\n\n\n\n<li>Sztormowe, b\u0105d\u017a powodziowe zniszczenia ogrodzenia, \u017cywop\u0142otu, bram.<\/li>\n<\/ul>\n\n\n\n<p><strong>2. Ubezpieczenie ruchomo\u015bci domowych w UK \u2013 Contents only Insurance<\/strong><\/p>\n\n\n\n<p>Zdarzenia zazwyczaj standardowo obj\u0119te przez ubezpieczenie zwykle obejmuj\u0105:<\/p>\n\n\n\n<ul class=\"wp-block-list\">\n<li>Ogie\u0144, dym, wybuch, uderzenie pioruna lub trz\u0119sienia ziemi,<\/li>\n\n\n\n<li>Zamieszki, rozruchy, strajki, pracownicze b\u0105d\u017a polityczne zak\u0142\u00f3cenia,<\/li>\n\n\n\n<li>Z\u0142o\u015bliwe uszkodzenie lub wandalizm,<\/li>\n\n\n\n<li>Kradzie\u017c lub usi\u0142owanie kradzie\u017cy,<\/li>\n\n\n\n<li>Burza lub pow\u00f3d\u017a,<\/li>\n\n\n\n<li>Osiadanie si\u0119 lub podniesienie,<\/li>\n\n\n\n<li>Uderzenie lub kolizja,<\/li>\n\n\n\n<li>Wyciek wody lub oleju.<\/li>\n<\/ul>\n\n\n\n<p>Dodatkowo mo\u017cemy si\u0119 spotka\u0107 z nast\u0119puj\u0105cymi zdarzeniami obj\u0119tymi ubezpieczeniem:<\/p>\n\n\n\n<ul class=\"wp-block-list\">\n<li>Odpowiedzialno\u015b\u0107 cywilna lokator\u00f3w (zazwyczaj do \u00a32,000,000),<\/li>\n\n\n\n<li>Alternatywne zakwaterowanie (uwzgl\u0119dniaj\u0105c zwierz\u0119ta domowe),<\/li>\n\n\n\n<li>Ro\u015bliny i krzewy ogrodowe,<\/li>\n\n\n\n<li>Elektroniczne pobrane dane,<\/li>\n\n\n\n<li>Kradzie\u017c z budynk\u00f3w gospodarczych lub gara\u017cu, znajduj\u0105cego si\u0119 w granicach posesji,<\/li>\n\n\n\n<li>Wyposa\u017cenie biurowe je\u017celi pracujemy z domu,<\/li>\n\n\n\n<li>Wymiana zamk\u00f3w wej\u015bciowych.<\/li>\n\n\n\n<li>Wk\u0142ad w\u0142asny (policy excess) \u2013 kwota jaka musi by\u0107 pokryta przez ubezpieczonego w przypadku zdarzenia kwalifikuj\u0105cego si\u0119 do odszkodowania,<\/li>\n\n\n\n<li>Wk\u0142ad w\u0142asny w przypadku wycieku wody lub oleju oraz osadzania si\u0119 b\u0105d\u017a podniesienia jest zazwyczaj wy\u017cszy ni\u017c excess standardowy,<\/li>\n\n\n\n<li>Strata, b\u0105d\u017a uszkodzenie w sytuacji kiedy nieruchomo\u015b\u0107 by\u0142a niezamieszkana przez okres d\u0142u\u017cszy ni\u017c 60 dni,<\/li>\n\n\n\n<li>Je\u017celi nieruchomo\u015b\u0107 jest zostawiona na noc bez mieszka\u0144c\u00f3w, drzwi oraz okna powinny by\u0107 odpowiednio zamkni\u0119te (patrz na wytyczne polisy),<\/li>\n\n\n\n<li>Limit na pojedynczy przedmiot (np. do \u00a35000) oraz na bi\u017cuteri\u0119 (np. do \u00a32000) \u2013 w przypadku kiedy poszczeg\u00f3lna rzecz przekracza dopuszczalny limit uwzgl\u0119dniony na polisie, mo\u017cna j\u0105 r\u00f3wnie\u017c wyszczeg\u00f3lni\u0107, dzi\u0119ki czemu b\u0119dzie w pe\u0142ni ubezpieczona (jest to zazwyczaj zwi\u0105zane z dodatkow\u0105 sk\u0142adk\u0105).<\/li>\n<\/ul>\n\n\n\n<p><strong>3. Po\u0142\u0105czone ubezpieczenie nieruchomo\u015bci wraz z ruchomo\u015bciami domowymi \u2013&nbsp;Building and Contents Insurance<\/strong><\/p>\n\n\n\n<p>Zawiera w sobie elementy dw\u00f3ch powy\u017cszych polis.<\/p>\n\n\n\n<p>Zar\u00f3wno ubezpieczenie domu w UK jak i ubezpieczenie ruchomo\u015bci domowych mo\u017ce by\u0107 rozszerzony o opcj\u0119 wypadkow\u0105, tzw. accidental damage, kt\u00f3ra rozszerza zakres ubezpieczenia o niespodziewane wypadki, takie jak np. zalanie wyk\u0142adziny kaw\u0105.<\/p>\n\n\n\n<p><strong>4.&nbsp; Dodatek Personal Possession Cover \u2013 rzeczy osobiste<\/strong><\/p>\n\n\n\n<p>Opcja dodatkowa, dzi\u0119ki kt\u00f3rej klient ma zabezpieczenie przed wypadkowym zniszczeniem, b\u0105d\u017a strat\u0105 rzeczy u\u017cywanych w domu lub poza domem. Najcz\u0119\u015bciej uwzgl\u0119dniane przedmioty:<\/p>\n\n\n\n<ul class=\"wp-block-list\">\n<li>Bi\u017cuteria,<\/li>\n\n\n\n<li>Odzie\u017c,<\/li>\n\n\n\n<li>Telefon kom\u00f3rkowy,<\/li>\n\n\n\n<li>Klucze,<\/li>\n\n\n\n<li>Zegarek, okulary, sprz\u0119t fotograficzny,<\/li>\n\n\n\n<li>Akcesoria sportowe,<\/li>\n\n\n\n<li>Got\u00f3wka oraz karty kredytowe.<\/li>\n<\/ul>\n\n\n\n<p><strong>5. Dodatek Family Legal Expenses \u2013 ochrona prawna<\/strong><\/p>\n\n\n\n<p>Opcja dodatkowa \u2013 ochrona prawna, zapewnia pokrycie koszt\u00f3w lub ochrony Twoich spraw w odniesieniu do takich kwestii jak:<\/p>\n\n\n\n<ul class=\"wp-block-list\">\n<li>Obrona prawna,<\/li>\n\n\n\n<li>Spory pracownicze,<\/li>\n\n\n\n<li>Spory kontraktowe,<\/li>\n\n\n\n<li>Uszkodzenie cia\u0142a,<\/li>\n\n\n\n<li>Kliniczne Zaniedbania,<\/li>\n\n\n\n<li>Ochrona w\u0142asno\u015bci,<\/li>\n\n\n\n<li>Ochrona podatkowa.<\/li>\n<\/ul>\n\n\n\n<br>\n\n\n\n<p class=\"has-text-align-center has-medium-font-size\"><strong>Szukasz ubezpieczenia na Dom?? Skontaktuj sie z Nami.<\/strong><\/p>\n\n\n\n<br>\n\n\n\n<div class=\"wp-block-buttons is-layout-flex wp-block-buttons-is-layout-flex\">\n<div class=\"wp-block-button\"><a class=\"wp-block-button__link has-white-color has-text-color has-background wp-element-button\" href=\"https:\/\/ubezpieczamsieuk.co.uk\/kontakt\/\" style=\"background-color:#ffa500\">Formularz kontaktowy<\/a><\/div>\n<\/div>\n","protected":false},"excerpt":{"rendered":"<p>Ubezpieczenie domu&nbsp;(Home Insurance) nale\u017cy do grupy ubezpiecze\u0144 maj\u0105tkowych (General Insurance). Taki rodzaj polisy mo\u017ce by\u0107 u\u017cyty w celu zabezpieczenia prywatnej nieruchomo\u015bci, kt\u00f3rej jeste\u015b w\u0142a\u015bcicielem i w kt\u00f3rej mieszkasz.&nbsp;Ubezpieczenie nieruchomo\u015bci&nbsp;(Building&nbsp;insurance) oraz\/lub&nbsp;Ruchomo\u015bci domowych&nbsp;(Contents Insurance). W wi\u0119kszo\u015bci przypadk\u00f3w osoby posiadaj\u0105ce nieruchomo\u015b\u0107 zakupiona na &hellip; <a href=\"https:\/\/ubezpieczamsieuk.co.uk\/pl_pl\/ubezpieczenia\/ubezpieczenie-domu-i-mienia\/\">Continue reading <span class=\"meta-nav\">&rarr;<\/span><\/a><\/p>\n","protected":false},"author":1,"featured_media":0,"parent":10,"menu_order":0,"comment_status":"closed","ping_status":"closed","template":"","meta":{"footnotes":""},"class_list":["post-22","page","type-page","status-publish","hentry"],"_links":{"self":[{"href":"https:\/\/ubezpieczamsieuk.co.uk\/pl_pl\/wp-json\/wp\/v2\/pages\/22","targetHints":{"allow":["GET"]}}],"collection":[{"href":"https:\/\/ubezpieczamsieuk.co.uk\/pl_pl\/wp-json\/wp\/v2\/pages"}],"about":[{"href":"https:\/\/ubezpieczamsieuk.co.uk\/pl_pl\/wp-json\/wp\/v2\/types\/page"}],"author":[{"embeddable":true,"href":"https:\/\/ubezpieczamsieuk.co.uk\/pl_pl\/wp-json\/wp\/v2\/users\/1"}],"replies":[{"embeddable":true,"href":"https:\/\/ubezpieczamsieuk.co.uk\/pl_pl\/wp-json\/wp\/v2\/comments?post=22"}],"version-history":[{"count":6,"href":"https:\/\/ubezpieczamsieuk.co.uk\/pl_pl\/wp-json\/wp\/v2\/pages\/22\/revisions"}],"predecessor-version":[{"id":248,"href":"https:\/\/ubezpieczamsieuk.co.uk\/pl_pl\/wp-json\/wp\/v2\/pages\/22\/revisions\/248"}],"up":[{"embeddable":true,"href":"https:\/\/ubezpieczamsieuk.co.uk\/pl_pl\/wp-json\/wp\/v2\/pages\/10"}],"wp:attachment":[{"href":"https:\/\/ubezpieczamsieuk.co.uk\/pl_pl\/wp-json\/wp\/v2\/media?parent=22"}],"curies":[{"name":"wp","href":"https:\/\/api.w.org\/{rel}","templated":true}]}}